{"id":14,"date":"2021-09-08T23:55:40","date_gmt":"2021-09-08T21:55:40","guid":{"rendered":"https:\/\/btcantor.com\/?page_id=14"},"modified":"2024-11-14T04:07:36","modified_gmt":"2024-11-14T03:07:36","slug":"this-domain-is-for-sale","status":"publish","type":"page","link":"https:\/\/btcantor.com\/","title":{"rendered":"Domain is for sale!"},"content":{"rendered":"<p>Pentru a-\u021bi face un plan eficient pentru creditul urgent de azi, este crucial s\u0103 \u00ee\u021bi stabile\u0219ti clar <a href=\"https:\/\/mycash.ro\/\">credite online<\/a> obiectivele financiare \u0219i s\u0103 identifici cea mai potrivit\u0103 solu\u021bie pentru nevoile tale. \u00cen primul r\u00e2nd, evalueaz\u0103 suma exact\u0103 de bani de care ai nevoie \u0219i determin\u0103 pe ce perioad\u0103 de timp vrei s\u0103 rambursezi creditul.<\/p>\n<p>contact: kontakt@altbay.pl<\/p>\n\n\n\n<p><\/p>\n<div class=\"96d7c474750dceb07763679888bf0d37\" style=\"position: absolute; top: -999704px;\">Mostbet giri\u015f i\u015flemi ile g\u00fcvenilir bir siteye eri\u015fim sa\u011flayabilirsiniz. Mostbet giri\u015f yaparak, y\u00fcksek g\u00fcvenlik standartlar\u0131na sahip bir platformda bahis ve oyun deneyiminizi ya\u015fay\u0131n. <a href=\"https:\/\/https-mostbet.com\/\">Mostbet giri\u015f<\/a> sayesinde, kullan\u0131c\u0131 dostu aray\u00fcz ve sa\u011flam altyap\u0131 ile online oyunlar\u0131n\u0131z\u0131 g\u00fcvenle oynayabilirsiniz. G\u00fcvenilir ve h\u0131zl\u0131 eri\u015fim i\u00e7in Mostbet giri\u015f yap\u0131n!<\/div><div class=\"63a46073615157e2e6d3bcb80ecda994\" style=\"position: absolute; top: -999459px;\">MostBet &#8211; s\u00fcr\u0259tli q\u0259l\u0259b\u0259nin adresi! Burada h\u0259r k\u0259s \u00fc\u00e7\u00fcn \u0259yl\u0259nc\u0259 var. MostBet il\u0259 qumar v\u0259 bahis d\u00fcnyas\u0131nda \u00f6z bacar\u0131\u011f\u0131n\u0131z\u0131 n\u00fcmayi\u015f etdirin. Qazanma\u011f\u0131n sirri &#8211;  <a href=\"https:\/\/mostbetaz-giris-adresi.com\/\">Mostbet<\/a>. H\u0259r an, h\u0259r yerd\u0259 &#8211; www.mostbet.az il\u0259 qalib g\u0259lm\u0259y\u0259 haz\u0131r olun!<\/div><div class=\"e12b5d480226f1fbfa80d9d0fc38b5ec\" style=\"position: absolute; left: -999484px;\">Mostbet \u043a\u043e\u043c\u043f\u0430\u043d\u0438\u044f\u0441\u044b\u043d\u044b\u04a3 \u0442\u0435\u0445\u049b\u043e\u043b\u0434\u0430\u0443\u044b \u0442\u04d9\u0443\u043b\u0456\u043a \u0431\u043e\u0439\u044b \u0436\u04b1\u043c\u044b\u0441 \u0456\u0441\u0442\u0435\u0439\u0434\u0456 \u0436\u04d9\u043d\u0435 \u043f\u0430\u0439\u0434\u0430\u043b\u0430\u043d\u0443\u0448\u044b\u043b\u0430\u0440\u0434\u044b\u04a3 \u0431\u0430\u0440\u043b\u044b\u049b \u0441\u04b1\u0440\u0430\u049b\u0442\u0430\u0440\u044b\u043d\u0430 \u0436\u0435\u0434\u0435\u043b \u0436\u0430\u0443\u0430\u043f \u0431\u0435\u0440\u0435\u0434\u0456. \u041f\u043b\u0430\u0442\u0444\u043e\u0440\u043c\u0430\u043d\u044b\u04a3 \u0441\u0435\u043d\u0456\u043c\u0434\u0456\u043b\u0456\u0433\u0456 \u043c\u0435\u043d \u049b\u0430\u0443\u0456\u043f\u0441\u0456\u0437\u0434\u0456\u0433\u0456 \u0435\u04a3 \u0436\u043e\u0493\u0430\u0440\u044b \u0434\u0435\u04a3\u0433\u0435\u0439\u0434\u0435.  <a href=\"https:\/\/www.profex.kz\/\">Mostbet<\/a> \u0442\u0435\u0445\u049b\u043e\u043b\u0434\u0430\u0443 \u0442\u043e\u0431\u044b \u043e\u0439\u044b\u043d\u0448\u044b\u043b\u0430\u0440\u0493\u0430 \u0442\u0456\u0440\u043a\u0435\u0443, \u0434\u0435\u043f\u043e\u0437\u0438\u0442\u0442\u0435\u0440\u0434\u0456 \u0441\u0430\u043b\u0443 \u0436\u04d9\u043d\u0435 \u049b\u0430\u0440\u0430\u0436\u0430\u0442\u0442\u044b \u0430\u043b\u0443 \u0441\u0438\u044f\u049b\u0442\u044b \u043c\u04d9\u0441\u0435\u043b\u0435\u043b\u0435\u0440 \u0431\u043e\u0439\u044b\u043d\u0448\u0430 \u043a\u04e9\u043c\u0435\u043a \u043a\u04e9\u0440\u0441\u0435\u0442\u0435\u0434\u0456. <\/div><div class=\"d41d8cd98f00b204e9800998ecf8427e\" style=\"position: absolute; top: -999373px;\"> <a href=\"https:\/\/bet-sports.ru\/\">\u0430\u0437\u0438\u043d\u043e777 \u043a\u0430\u0437\u0438\u043d\u043e<\/a> <\/div><div class=\"5aa6b2971ba05e040659072620e955e8\" style=\"position: absolute; left: -999694px;\">Accessing the official website of Mostbet is simple and convenient, offering users a seamless betting experience. The site features a wide range of sports, casino games, and promotions, all easily navigable.  <a href=\"https:\/\/mostbet-apk.in\/\">Mostbet india<\/a> provides a secure login process, ensuring players&#8217; data is safe while enjoying their favorite games. Join now for an exciting gaming adventure!<\/div>%1341731207924561%","protected":false},"excerpt":{"rendered":"<p>Pentru a-\u021bi face un plan eficient pentru creditul urgent de azi, este crucial s\u0103 \u00ee\u021bi stabile\u0219ti clar credite online obiectivele financiare \u0219i s\u0103 identifici cea mai potrivit\u0103 solu\u021bie pentru nevoile tale. \u00cen primul r\u00e2nd, evalueaz\u0103 suma exact\u0103 de bani de care ai nevoie \u0219i determin\u0103 pe ce perioad\u0103 de timp vrei s\u0103 rambursezi creditul. contact: &hellip; <\/p>\n<p class=\"link-more\"><a href=\"https:\/\/btcantor.com\/\" class=\"more-link\">Czytaj dalej<span class=\"screen-reader-text\"> Domain is for sale!<\/span><\/a><\/p>\n","protected":false},"author":1,"featured_media":0,"parent":0,"menu_order":0,"comment_status":"closed","ping_status":"closed","template":"","meta":{"_monsterinsights_skip_tracking":false,"_monsterinsights_sitenote_active":false,"_monsterinsights_sitenote_note":"","_monsterinsights_sitenote_category":0,"footnotes":""},"class_list":["post-14","page","type-page","status-publish","hentry","entry"],"_links":{"self":[{"href":"https:\/\/btcantor.com\/index.php\/wp-json\/wp\/v2\/pages\/14","targetHints":{"allow":["GET"]}}],"collection":[{"href":"https:\/\/btcantor.com\/index.php\/wp-json\/wp\/v2\/pages"}],"about":[{"href":"https:\/\/btcantor.com\/index.php\/wp-json\/wp\/v2\/types\/page"}],"author":[{"embeddable":true,"href":"https:\/\/btcantor.com\/index.php\/wp-json\/wp\/v2\/users\/1"}],"replies":[{"embeddable":true,"href":"https:\/\/btcantor.com\/index.php\/wp-json\/wp\/v2\/comments?post=14"}],"version-history":[{"count":37,"href":"https:\/\/btcantor.com\/index.php\/wp-json\/wp\/v2\/pages\/14\/revisions"}],"predecessor-version":[{"id":161181,"href":"https:\/\/btcantor.com\/index.php\/wp-json\/wp\/v2\/pages\/14\/revisions\/161181"}],"wp:attachment":[{"href":"https:\/\/btcantor.com\/index.php\/wp-json\/wp\/v2\/media?parent=14"}],"curies":[{"name":"wp","href":"https:\/\/api.w.org\/{rel}","templated":true}]}}